{"id":112,"date":"2025-12-20T00:04:18","date_gmt":"2025-12-20T00:04:18","guid":{"rendered":"https:\/\/elpatrongoshen.com\/?page_id=112"},"modified":"2025-12-23T21:22:24","modified_gmt":"2025-12-23T21:22:24","slug":"menu","status":"publish","type":"page","link":"https:\/\/elpatrongoshen.com\/en\/menu\/","title":{"rendered":"Menu"},"content":{"rendered":"<p>[et_pb_section fb_built=&#8221;1&#8243; admin_label=&#8221;Animals&#8221; _builder_version=&#8221;4.27.5&#8243; _module_preset=&#8221;default&#8221; background_color=&#8221;#b1251e&#8221; background_image=&#8221;https:\/\/elpatrongoshen.com\/wp-content\/uploads\/2025\/12\/526876843_122269078652025433_1867955206876780007_n.jpg&#8221; background_blend=&#8221;multiply&#8221; background_enable_pattern_style=&#8221;on&#8221; background_pattern_style=&#8221;waves&#8221; background_pattern_size=&#8221;custom&#8221; background_pattern_width=&#8221;93px&#8221; background_enable_mask_style=&#8221;on&#8221; background_mask_style=&#8221;diagonal-pills&#8221; background_mask_color=&#8221;#0D0D0D&#8221; background_mask_transform=&#8221;invert&#8221; background_mask_size=&#8221;cover&#8221; collapsed=&#8221;on&#8221; global_colors_info=&#8221;{}&#8221;][et_pb_row column_structure=&#8221;1_2,1_2&#8243; use_custom_gutter=&#8221;on&#8221; make_equal=&#8221;on&#8221; _builder_version=&#8221;4.27.4&#8243; _module_preset=&#8221;default&#8221; width=&#8221;100%&#8221; max_width=&#8221;1397px&#8221; custom_padding=&#8221;|2rem||2rem|false|true&#8221; global_colors_info=&#8221;{}&#8221;][et_pb_column type=&#8221;1_2&#8243; _builder_version=&#8221;4.27.4&#8243; _module_preset=&#8221;default&#8221; global_colors_info=&#8221;{}&#8221;][et_pb_text _builder_version=&#8221;4.27.4&#8243; _module_preset=&#8221;_initial&#8221; header_text_color=&#8221;#f9f6ed&#8221; header_font_size=&#8221;49px&#8221; custom_padding=&#8221;15rem||||false|false&#8221; custom_padding_tablet=&#8221;0rem||||false|false&#8221; custom_padding_phone=&#8221;0rem||||false|false&#8221; custom_padding_last_edited=&#8221;on|desktop&#8221; header_text_align_tablet=&#8221;center&#8221; header_text_align_phone=&#8221;center&#8221; header_text_align_last_edited=&#8221;on|desktop&#8221; header_font_size_tablet=&#8221;49px&#8221; header_font_size_phone=&#8221;49px&#8221; header_font_size_last_edited=&#8221;on|tablet&#8221; global_colors_info=&#8221;{}&#8221;]<\/p>\n<h1>Where every dish packs a punch.<\/h1>\n<p>[\/et_pb_text][et_pb_text _builder_version=&#8221;4.27.4&#8243; _module_preset=&#8221;_initial&#8221; text_font=&#8221;&#8211;et_global_body_font||||||||&#8221; text_text_color=&#8221;#F9F6ED&#8221; text_font_size_tablet=&#8221;&#8221; text_font_size_phone=&#8221;&#8221; text_font_size_last_edited=&#8221;on|tablet&#8221; text_orientation_tablet=&#8221;center&#8221; text_orientation_phone=&#8221;center&#8221; text_orientation_last_edited=&#8221;on|phone&#8221; global_colors_info=&#8221;{}&#8221;]<\/p>\n<p>Our menu is a statement of flavor: tacos, fajitas, enchiladas, burritos, and much more.<br data-start=\"3440\" data-end=\"3443\" \/>All made with fresh ingredients, authentic recipes, and the bold touch that defines <em data-start=\"3539\" data-end=\"3550\">El Patr\u00f3n<\/em>.<br data-start=\"3551\" data-end=\"3554\" \/>Savor tradition with a modern twist.<\/p>\n<p>[\/et_pb_text][et_pb_image src=&#8221;https:\/\/elpatrongoshen.com\/wp-content\/uploads\/2025\/12\/WhatsApp-Image-2025-12-20-at-7.09.07-PM.jpeg&#8221; title_text=&#8221;WhatsApp Image 2025-12-20 at 7.09.07 PM&#8221; align_tablet=&#8221;center&#8221; align_phone=&#8221;center&#8221; align_last_edited=&#8221;on|phone&#8221; _builder_version=&#8221;4.27.5&#8243; _module_preset=&#8221;default&#8221; width=&#8221;74%&#8221; width_tablet=&#8221;38%&#8221; width_phone=&#8221;65%&#8221; width_last_edited=&#8221;on|tablet&#8221; border_radii=&#8221;on|20px|20px|20px|20px&#8221; box_shadow_style=&#8221;preset2&#8243; global_colors_info=&#8221;{}&#8221;][\/et_pb_image][\/et_pb_column][et_pb_column type=&#8221;1_2&#8243; _builder_version=&#8221;4.27.4&#8243; _module_preset=&#8221;default&#8221; global_colors_info=&#8221;{}&#8221;][et_pb_code _builder_version=&#8221;4.27.5&#8243; _module_preset=&#8221;default&#8221; custom_margin=&#8221;17rem||||false|false&#8221; global_colors_info=&#8221;{}&#8221;]<\/p>\n<div style=\"position: relative; width: 100%; height: 0; padding-top: 129.4118%;<!-- [et_pb_line_break_holder] --> padding-bottom: 0; box-shadow: 0 2px 8px 0 rgba(63,69,81,0.16); margin-top: 1.6em; margin-bottom: 0.9em; overflow: hidden;<!-- [et_pb_line_break_holder] --> border-radius: 8px; will-change: transform;&#8221;><!-- [et_pb_line_break_holder] -->  <iframe loading=\"lazy\" <!--no numeric noise key 1002-->    src=&#8221;https:\/\/www.canva.com\/design\/DAG7Wbyb0vU\/o1F8f7sPoiBDeDdQgWvjuA\/view?embed&#8221; allowfullscreen=&#8221;allowfullscreen&#8221; allow=&#8221;fullscreen&#8221;><!-- [et_pb_line_break_holder] -->  <\/iframe><!-- [et_pb_line_break_holder] --><\/div>\n<p>[\/et_pb_code][et_pb_image _builder_version=&#8221;4.27.5&#8243; _module_preset=&#8221;default&#8221; global_colors_info=&#8221;{}&#8221;][\/et_pb_image][\/et_pb_column][\/et_pb_row][\/et_pb_section][et_pb_section fb_built=&#8221;1&#8243; _builder_version=&#8221;4.27.5&#8243; _module_preset=&#8221;default&#8221; background_enable_color=&#8221;off&#8221; use_background_color_gradient=&#8221;on&#8221; background_color_gradient_direction=&#8221;172deg&#8221; background_color_gradient_stops=&#8221;#0d0d0d 1%|#b1251e 99%&#8221; background_image=&#8221;https:\/\/elpatrongoshen.com\/wp-content\/uploads\/2025\/12\/imagen-2.jpeg&#8221; background_blend=&#8221;multiply&#8221; hover_enabled=&#8221;0&#8243; global_colors_info=&#8221;{}&#8221; title_text=&#8221;imagen 2&#8243; sticky_enabled=&#8221;0&#8243;][et_pb_row _builder_version=&#8221;4.27.4&#8243; _module_preset=&#8221;default&#8221; global_colors_info=&#8221;{}&#8221;][et_pb_column type=&#8221;4_4&#8243; _builder_version=&#8221;4.27.4&#8243; _module_preset=&#8221;default&#8221; global_colors_info=&#8221;{}&#8221;][et_pb_text _builder_version=&#8221;4.27.5&#8243; _module_preset=&#8221;_initial&#8221; header_text_align=&#8221;center&#8221; header_text_color=&#8221;#f9f6ed&#8221; header_font_size=&#8221;49px&#8221; custom_padding=&#8221;||||false|false&#8221; custom_padding_tablet=&#8221;0rem||||false|false&#8221; custom_padding_phone=&#8221;0rem||||false|false&#8221; custom_padding_last_edited=&#8221;on|desktop&#8221; header_text_align_tablet=&#8221;center&#8221; header_text_align_phone=&#8221;center&#8221; header_text_align_last_edited=&#8221;on|desktop&#8221; header_font_size_tablet=&#8221;49px&#8221; header_font_size_phone=&#8221;49px&#8221; header_font_size_last_edited=&#8221;on|tablet&#8221; locked=&#8221;off&#8221; global_colors_info=&#8221;{}&#8221;]<\/p>\n<h1>Our menu, rich in tradition<\/h1>\n<p>[\/et_pb_text][et_pb_text _builder_version=&#8221;4.27.5&#8243; _module_preset=&#8221;_initial&#8221; text_font=&#8221;&#8211;et_global_body_font||||||||&#8221; text_text_color=&#8221;#F9F6ED&#8221; text_font_size=&#8221;23px&#8221; text_orientation=&#8221;center&#8221; text_font_size_tablet=&#8221;&#8221; text_font_size_phone=&#8221;21px&#8221; text_font_size_last_edited=&#8221;on|phone&#8221; text_orientation_tablet=&#8221;center&#8221; text_orientation_phone=&#8221;center&#8221; text_orientation_last_edited=&#8221;on|phone&#8221; locked=&#8221;off&#8221; global_colors_info=&#8221;{}&#8221;]<\/p>\n<p data-start=\"292\" data-end=\"499\">Explore every dish and find your perfect craving.<\/p>\n<p>[\/et_pb_text][et_pb_button button_url=&#8221;https:\/\/fromtherestaurant.com\/el-patron-indiana\/locations\/&#8221; url_new_window=&#8221;on&#8221; button_text=&#8221;Ordena en l\u00ednea ahora&#8221; button_alignment=&#8221;center&#8221; button_alignment_tablet=&#8221;left&#8221; button_alignment_phone=&#8221;center&#8221; button_alignment_last_edited=&#8221;on|phone&#8221; _builder_version=&#8221;4.27.5&#8243; _module_preset=&#8221;_initial&#8221; custom_button=&#8221;on&#8221; button_text_color=&#8221;#FFFFFF&#8221; button_bg_color=&#8221;#d92b04&#8243; button_border_radius=&#8221;14px&#8221; custom_margin=&#8221;2rem||2rem||true|false&#8221; custom_padding=&#8221;1rem|3rem|1rem|3rem|true|true&#8221; custom_padding_tablet=&#8221;1rem|6rem|1rem|6rem|true|true&#8221; custom_padding_phone=&#8221;1rem|1rem|1rem|1rem|true|true&#8221; custom_padding_last_edited=&#8221;on|phone&#8221; button_bg_color_tablet=&#8221;#f2b705&#8243; button_bg_color_phone=&#8221;#d92b04&#8243; button_bg_color_last_edited=&#8221;on|desktop&#8221; button_bg_enable_color_phone=&#8221;on&#8221; box_shadow_style=&#8221;preset2&#8243; locked=&#8221;off&#8221; global_colors_info=&#8221;{}&#8221; button_bg_color__hover_enabled=&#8221;on|desktop&#8221; button_bg_color__hover=&#8221;#b2d904&#8243; button_bg_enable_color__hover=&#8221;on&#8221;][\/et_pb_button][wdcl_image_carousel nav_pagi=&#8221;none&#8221; is_center=&#8221;on&#8221; center_mode_type=&#8221;highlighted&#8221; _builder_version=&#8221;4.27.5&#8243; _module_preset=&#8221;default&#8221; global_colors_info=&#8221;{}&#8221;][wdcl_image_carousel_child photo=&#8221;https:\/\/elpatrongoshen.com\/wp-content\/uploads\/2025\/12\/torre-marisco-Jal.png&#8221; _builder_version=&#8221;4.27.5&#8243; _module_preset=&#8221;default&#8221; global_colors_info=&#8221;{}&#8221;][\/wdcl_image_carousel_child][wdcl_image_carousel_child photo=&#8221;https:\/\/elpatrongoshen.com\/wp-content\/uploads\/2025\/12\/Fajita-for-two-1.png&#8221; _builder_version=&#8221;4.27.5&#8243; _module_preset=&#8221;default&#8221; global_colors_info=&#8221;{}&#8221;][\/wdcl_image_carousel_child][wdcl_image_carousel_child photo=&#8221;https:\/\/elpatrongoshen.com\/wp-content\/uploads\/2025\/12\/mariscos-pancho.png&#8221; _builder_version=&#8221;4.27.5&#8243; _module_preset=&#8221;default&#8221; global_colors_info=&#8221;{}&#8221;][\/wdcl_image_carousel_child][wdcl_image_carousel_child photo=&#8221;https:\/\/elpatrongoshen.com\/wp-content\/uploads\/2025\/12\/Enchiladas-Rancheras.png&#8221; _builder_version=&#8221;4.27.5&#8243; _module_preset=&#8221;default&#8221; global_colors_info=&#8221;{}&#8221;][\/wdcl_image_carousel_child][wdcl_image_carousel_child photo=&#8221;https:\/\/elpatrongoshen.com\/wp-content\/uploads\/2025\/12\/Churros.png&#8221; _builder_version=&#8221;4.27.5&#8243; _module_preset=&#8221;default&#8221; global_colors_info=&#8221;{}&#8221;][\/wdcl_image_carousel_child][wdcl_image_carousel_child photo=&#8221;https:\/\/elpatrongoshen.com\/wp-content\/uploads\/2025\/12\/Molcajete.png&#8221; _builder_version=&#8221;4.27.5&#8243; _module_preset=&#8221;default&#8221; global_colors_info=&#8221;{}&#8221;][\/wdcl_image_carousel_child][wdcl_image_carousel_child photo=&#8221;https:\/\/elpatrongoshen.com\/wp-content\/uploads\/2025\/12\/Frozen-Strawberry-margarita.png&#8221; _builder_version=&#8221;4.27.5&#8243; _module_preset=&#8221;default&#8221; global_colors_info=&#8221;{}&#8221;][\/wdcl_image_carousel_child][\/wdcl_image_carousel][\/et_pb_column][\/et_pb_row][et_pb_row use_custom_gutter=&#8221;on&#8221; gutter_width=&#8221;2&#8243; _builder_version=&#8221;4.27.4&#8243; _module_preset=&#8221;default&#8221; global_colors_info=&#8221;{}&#8221;][et_pb_column type=&#8221;4_4&#8243; _builder_version=&#8221;4.27.4&#8243; _module_preset=&#8221;default&#8221; global_colors_info=&#8221;{}&#8221;][wdcl_image_carousel nav_pagi=&#8221;none&#8221; is_center=&#8221;on&#8221; center_mode_type=&#8221;highlighted&#8221; slide_count_tablet=&#8221;&#8221; slide_count_phone=&#8221;1&#8243; slide_count_last_edited=&#8221;on|desktop&#8221; _builder_version=&#8221;4.27.4&#8243; _module_preset=&#8221;default&#8221; global_colors_info=&#8221;{}&#8221;][\/wdcl_image_carousel][wdcl_image_carousel _builder_version=&#8221;4.27.4&#8243; _module_preset=&#8221;default&#8221; global_colors_info=&#8221;{}&#8221;][\/wdcl_image_carousel][\/et_pb_column][\/et_pb_row][\/et_pb_section]<\/p>","protected":false},"excerpt":{"rendered":"<p>Donde cada plato tiene poder.Nuestro men\u00fa es una declaraci\u00f3n de sabor: tacos, fajitas, enchiladas, burritos, y mucho m\u00e1s.Todo preparado con ingredientes frescos, recetas aut\u00e9nticas y el toque atrevido que distingue a El Patr\u00f3n.Saborea lo tradicional con una actitud moderna.<\/p>","protected":false},"author":1,"featured_media":0,"parent":0,"menu_order":0,"comment_status":"closed","ping_status":"closed","template":"","meta":{"_et_pb_use_builder":"on","_et_pb_old_content":"<!-- wp:divi\/placeholder \/-->","_et_gb_content_width":"","footnotes":""},"class_list":["post-112","page","type-page","status-publish","hentry"],"_hostinger_reach_plugin_has_subscription_block":false,"_hostinger_reach_plugin_is_elementor":false,"_links":{"self":[{"href":"https:\/\/elpatrongoshen.com\/en\/wp-json\/wp\/v2\/pages\/112","targetHints":{"allow":["GET"]}}],"collection":[{"href":"https:\/\/elpatrongoshen.com\/en\/wp-json\/wp\/v2\/pages"}],"about":[{"href":"https:\/\/elpatrongoshen.com\/en\/wp-json\/wp\/v2\/types\/page"}],"author":[{"embeddable":true,"href":"https:\/\/elpatrongoshen.com\/en\/wp-json\/wp\/v2\/users\/1"}],"replies":[{"embeddable":true,"href":"https:\/\/elpatrongoshen.com\/en\/wp-json\/wp\/v2\/comments?post=112"}],"version-history":[{"count":9,"href":"https:\/\/elpatrongoshen.com\/en\/wp-json\/wp\/v2\/pages\/112\/revisions"}],"predecessor-version":[{"id":227,"href":"https:\/\/elpatrongoshen.com\/en\/wp-json\/wp\/v2\/pages\/112\/revisions\/227"}],"wp:attachment":[{"href":"https:\/\/elpatrongoshen.com\/en\/wp-json\/wp\/v2\/media?parent=112"}],"curies":[{"name":"wp","href":"https:\/\/api.w.org\/{rel}","templated":true}]}}