{"id":120,"date":"2025-12-20T00:05:54","date_gmt":"2025-12-20T00:05:54","guid":{"rendered":"https:\/\/elpatrongoshen.com\/?page_id=120"},"modified":"2025-12-22T20:45:32","modified_gmt":"2025-12-22T20:45:32","slug":"conocenos","status":"publish","type":"page","link":"https:\/\/elpatrongoshen.com\/en\/conocenos\/","title":{"rendered":"Con\u00f3cenos"},"content":{"rendered":"<p>[et_pb_section fb_built=&#8221;1&#8243; fullwidth=&#8221;on&#8221; _builder_version=&#8221;4.27.5&#8243; _module_preset=&#8221;default&#8221; global_colors_info=&#8221;{}&#8221;][et_pb_fullwidth_image src=&#8221;https:\/\/elpatrongoshen.com\/wp-content\/uploads\/2025\/12\/559722661_122281004294025433_6934298783694472001_n-scaled.jpg&#8221; title_text=&#8221;559722661_122281004294025433_6934298783694472001_n&#8221; _builder_version=&#8221;4.27.5&#8243; _module_preset=&#8221;default&#8221; global_colors_info=&#8221;{}&#8221;][\/et_pb_fullwidth_image][\/et_pb_section][et_pb_section fb_built=&#8221;1&#8243; admin_label=&#8221;Animals&#8221; _builder_version=&#8221;4.27.5&#8243; _module_preset=&#8221;default&#8221; background_color=&#8221;#b1251e&#8221; background_image=&#8221;https:\/\/elpatrongoshen.com\/wp-content\/uploads\/2025\/12\/558976301_122281007798025433_7321454435439906233_n.jpg&#8221; background_blend=&#8221;multiply&#8221; background_enable_pattern_style=&#8221;on&#8221; background_pattern_style=&#8221;waves&#8221; background_pattern_size=&#8221;custom&#8221; background_pattern_width=&#8221;93px&#8221; background_enable_mask_style=&#8221;on&#8221; background_mask_style=&#8221;diagonal-pills&#8221; background_mask_color=&#8221;#0D0D0D&#8221; background_mask_size=&#8221;cover&#8221; collapsed=&#8221;on&#8221; global_colors_info=&#8221;{}&#8221;][et_pb_row column_structure=&#8221;1_2,1_2&#8243; use_custom_gutter=&#8221;on&#8221; make_equal=&#8221;on&#8221; _builder_version=&#8221;4.27.4&#8243; _module_preset=&#8221;default&#8221; width=&#8221;100%&#8221; max_width=&#8221;1397px&#8221; custom_padding=&#8221;|2rem||2rem|false|true&#8221; global_colors_info=&#8221;{}&#8221;][et_pb_column type=&#8221;1_2&#8243; _builder_version=&#8221;4.27.4&#8243; _module_preset=&#8221;default&#8221; global_colors_info=&#8221;{}&#8221;][et_pb_text _builder_version=&#8221;4.27.5&#8243; _module_preset=&#8221;_initial&#8221; header_text_color=&#8221;#f9f6ed&#8221; header_font_size=&#8221;49px&#8221; custom_padding=&#8221;2rem||||false|false&#8221; custom_padding_tablet=&#8221;0rem||||false|false&#8221; custom_padding_phone=&#8221;0rem||||false|false&#8221; custom_padding_last_edited=&#8221;on|desktop&#8221; header_text_align_tablet=&#8221;center&#8221; header_text_align_phone=&#8221;center&#8221; header_text_align_last_edited=&#8221;on|desktop&#8221; header_font_size_tablet=&#8221;49px&#8221; header_font_size_phone=&#8221;49px&#8221; header_font_size_last_edited=&#8221;on|tablet&#8221; global_colors_info=&#8221;{}&#8221;]<\/p>\n<h1>More than a restaurant, a tradition<\/h1>\n<p>[\/et_pb_text][et_pb_text _builder_version=&#8221;4.27.5&#8243; _module_preset=&#8221;_initial&#8221; text_font=&#8221;&#8211;et_global_body_font||||||||&#8221; text_text_color=&#8221;#F9F6ED&#8221; text_font_size=&#8221;24px&#8221; text_font_size_tablet=&#8221;&#8221; text_font_size_phone=&#8221;&#8221; text_font_size_last_edited=&#8221;on|tablet&#8221; text_orientation_tablet=&#8221;center&#8221; text_orientation_phone=&#8221;center&#8221; text_orientation_last_edited=&#8221;on|phone&#8221; global_colors_info=&#8221;{}&#8221;]<\/p>\n<p>El Patr\u00f3n Goshen was born from a love for well-crafted Mexican cuisine.<\/p>\n<p>[\/et_pb_text][\/et_pb_column][et_pb_column type=&#8221;1_2&#8243; _builder_version=&#8221;4.27.4&#8243; _module_preset=&#8221;default&#8221; global_colors_info=&#8221;{}&#8221;][wdcl_image_carousel nav_pagi=&#8221;none&#8221; slide_count=&#8221;1&#8243; is_center=&#8221;on&#8221; center_mode_type=&#8221;highlighted&#8221; _builder_version=&#8221;4.27.4&#8243; _module_preset=&#8221;default&#8221; width=&#8221;68%&#8221; module_alignment=&#8221;center&#8221; border_radii=&#8221;on|20px|20px|20px|20px&#8221; box_shadow_style=&#8221;preset2&#8243; global_colors_info=&#8221;{}&#8221;][\/wdcl_image_carousel][\/et_pb_column][\/et_pb_row][\/et_pb_section][et_pb_section fb_built=&#8221;1&#8243; next_background_color=&#8221;#b1251e&#8221; admin_label=&#8221;Call to Action&#8221; _builder_version=&#8221;4.27.5&#8243; _module_preset=&#8221;default&#8221; use_background_color_gradient=&#8221;on&#8221; background_color_gradient_direction=&#8221;90deg&#8221; background_color_gradient_stops=&#8221;#000000 0%|rgba(43,27,18,0.5) 100%&#8221; background_color_gradient_overlays_image=&#8221;on&#8221; background_image=&#8221;https:\/\/elpatrongoshen.com\/wp-content\/uploads\/2025\/12\/Especiales-2.jpg&#8221; parallax=&#8221;on&#8221; bottom_divider_style=&#8221;waves2&#8243; bottom_divider_style_tablet=&#8221;waves2&#8243; bottom_divider_style_phone=&#8221;waves2&#8243; bottom_divider_style_last_edited=&#8221;on|tablet&#8221; bottom_divider_height_tablet=&#8221;44px&#8221; bottom_divider_height_phone=&#8221;44px&#8221; bottom_divider_height_last_edited=&#8221;on|phone&#8221; collapsed=&#8221;on&#8221; global_colors_info=&#8221;{}&#8221;][et_pb_row column_structure=&#8221;1_2,1_2&#8243; _builder_version=&#8221;4.25.1&#8243; _module_preset=&#8221;default&#8221; max_width=&#8221;1280px&#8221; global_colors_info=&#8221;{}&#8221;][et_pb_column type=&#8221;1_2&#8243; _builder_version=&#8221;4.25.1&#8243; _module_preset=&#8221;default&#8221; global_colors_info=&#8221;{}&#8221;][et_pb_text _builder_version=&#8221;4.27.5&#8243; _module_preset=&#8221;_initial&#8221; header_2_font=&#8221;&#8211;et_global_heading_font||||||||&#8221; header_2_text_color=&#8221;#f9f6ed&#8221; header_2_font_size=&#8221;63px&#8221; custom_padding=&#8221;16rem||||false|false&#8221; custom_padding_tablet=&#8221;4rem||||false|false&#8221; custom_padding_phone=&#8221;2rem||||false|false&#8221; custom_padding_last_edited=&#8221;on|phone&#8221; header_2_text_align_tablet=&#8221;center&#8221; header_2_text_align_phone=&#8221;center&#8221; header_2_text_align_last_edited=&#8221;on|desktop&#8221; header_2_font_size_tablet=&#8221;63px&#8221; header_2_font_size_phone=&#8221;53px&#8221; header_2_font_size_last_edited=&#8221;on|desktop&#8221; header_2_text_shadow_style=&#8221;preset1&#8243; locked=&#8221;off&#8221; global_colors_info=&#8221;{}&#8221;]<\/p>\n<h2>Proud to serve Goshen and be part of their daily lives.<\/h2>\n<p>[\/et_pb_text][et_pb_text _builder_version=&#8221;4.27.5&#8243; _module_preset=&#8221;_initial&#8221; text_font=&#8221;&#8211;et_global_body_font||||||||&#8221; text_text_color=&#8221;#F9F6ED&#8221; text_font_size_tablet=&#8221;&#8221; text_font_size_phone=&#8221;&#8221; text_font_size_last_edited=&#8221;on|tablet&#8221; text_orientation_tablet=&#8221;center&#8221; text_orientation_phone=&#8221;center&#8221; text_orientation_last_edited=&#8221;on|phone&#8221; global_colors_info=&#8221;{}&#8221;]<\/p>\n<p data-start=\"292\" data-end=\"499\">We\u2019re a local restaurant aiming to share authentic flavors, traditional recipes, and a simple yet memorable experience.<\/p>\n<p>[\/et_pb_text][et_pb_button button_url=&#8221;https:\/\/fromtherestaurant.com\/el-patron-indiana\/locations\/&#8221; url_new_window=&#8221;on&#8221; button_text=&#8221;Ordena en l\u00ednea ahora&#8221; button_alignment=&#8221;left&#8221; button_alignment_tablet=&#8221;left&#8221; button_alignment_phone=&#8221;center&#8221; button_alignment_last_edited=&#8221;on|phone&#8221; _builder_version=&#8221;4.27.5&#8243; _module_preset=&#8221;_initial&#8221; custom_button=&#8221;on&#8221; button_text_color=&#8221;#FFFFFF&#8221; button_bg_color=&#8221;#d92b04&#8243; button_border_radius=&#8221;14px&#8221; custom_margin=&#8221;2rem||2rem||true|false&#8221; custom_padding=&#8221;1rem|3rem|1rem|3rem|true|true&#8221; custom_padding_tablet=&#8221;1rem|6rem|1rem|6rem|true|true&#8221; custom_padding_phone=&#8221;1rem|1rem|1rem|1rem|true|true&#8221; custom_padding_last_edited=&#8221;on|phone&#8221; button_bg_color_tablet=&#8221;#f2b705&#8243; button_bg_color_phone=&#8221;#d92b04&#8243; button_bg_color_last_edited=&#8221;on|desktop&#8221; button_bg_enable_color_phone=&#8221;on&#8221; box_shadow_style=&#8221;preset2&#8243; locked=&#8221;off&#8221; global_colors_info=&#8221;{}&#8221; button_bg_color__hover_enabled=&#8221;on|desktop&#8221; button_bg_color__hover=&#8221;#b2d904&#8243; button_bg_enable_color__hover=&#8221;on&#8221;][\/et_pb_button][et_pb_image src=&#8221;https:\/\/elpatrongoshen.com\/wp-content\/uploads\/2025\/12\/527205234_122269078502025433_669886452983275315_n.jpg&#8221; title_text=&#8221;527205234_122269078502025433_669886452983275315_n&#8221; align=&#8221;center&#8221; _builder_version=&#8221;4.27.5&#8243; _module_preset=&#8221;default&#8221; width_tablet=&#8221;80%&#8221; width_phone=&#8221;100%&#8221; width_last_edited=&#8221;on|desktop&#8221; custom_margin=&#8221;||4rem||false|false&#8221; border_radii=&#8221;on|20px|20px|20px|20px&#8221; box_shadow_style=&#8221;preset2&#8243; global_colors_info=&#8221;{}&#8221;][\/et_pb_image][\/et_pb_column][et_pb_column type=&#8221;1_2&#8243; _builder_version=&#8221;4.25.1&#8243; _module_preset=&#8221;default&#8221; global_colors_info=&#8221;{}&#8221;][et_pb_image src=&#8221;https:\/\/elpatrongoshen.com\/wp-content\/uploads\/2025\/12\/imagen-3.jpeg&#8221; title_text=&#8221;imagen 3&#8243; align=&#8221;center&#8221; _builder_version=&#8221;4.27.5&#8243; _module_preset=&#8221;default&#8221; width_tablet=&#8221;80%&#8221; width_phone=&#8221;100%&#8221; width_last_edited=&#8221;on|desktop&#8221; custom_margin=&#8221;||4rem||false|false&#8221; hover_enabled=&#8221;0&#8243; border_radii=&#8221;on|20px|20px|20px|20px&#8221; box_shadow_style=&#8221;preset2&#8243; global_colors_info=&#8221;{}&#8221; sticky_enabled=&#8221;0&#8243;][\/et_pb_image][et_pb_image src=&#8221;https:\/\/elpatrongoshen.com\/wp-content\/uploads\/2025\/12\/526876843_122269078652025433_1867955206876780007_n.jpg&#8221; _builder_version=&#8221;4.27.5&#8243; _module_preset=&#8221;default&#8221; title_text=&#8221;526876843_122269078652025433_1867955206876780007_n&#8221; hover_enabled=&#8221;0&#8243; sticky_enabled=&#8221;0&#8243;][\/et_pb_image][\/et_pb_column][\/et_pb_row][\/et_pb_section]<\/p>","protected":false},"excerpt":{"rendered":"<p>M\u00e1s que un restaurante, una tradici\u00f3nEl Patr\u00f3n Goshen nace del amor por la comida mexicana bien hecha.<div class=\"et_pb_module wdcl_image_carousel wdcl_image_carousel_0\">\n\t\t\t\t\n\t\t\t\t\n\t\t\t\t\n\t\t\t\t\n\t\t\t\t\n\t\t\t\t\n\t\t\t\t<div class=\"et_pb_module_inner\">\n\t\t\t\t\t<div dir=\"ltr\" class=\"dcm-container dcm-carousel-maker dcm-lightbox-disabled dcm-centered dcm-centered--highlighted\" data-pagi=\"false\"\n\t\t\tdata-pagi-tablet=\"false\"\n\t\t\tdata-pagi-phone=\"false\"\n\t\t\tdata-nav=\"false\"\n\t\t\tdata-nav-tablet=\"false\"\n\t\t\tdata-nav-phone=\"false\"\n\t\t\tdata-autoplay=\"on\"\n\t\t\tdata-autoplay-speed=\"2000ms\"\n\t\t\tdata-speed=\"700ms\"\n\t\t\tdata-slides=\"1\"\n\t\t\tdata-slides-tablet=\"1\"\n\t\t\tdata-slides-phone=\"1\"\n\t\t\tdata-center=\"on\"\n\t\t\tdata-center-mode-type=\"highlighted\"\n\t\t\tdata-center-padding=\"70px||\"\n\t\t\tdata-vertical=\"off\"\n\t\t\tdata-icon-left=\"4\"\n\t\t\tdata-icon-right=\"5\"\n\t\t\tdata-infinite=\"on\"\n\t\t\tdata-variable-width=\"off\"\n\t\t\tdata-auto-height=\"off\"\n\t\t\tdata-items-scroll=\"1||\"\n\t\t\tdata-fade=\"off\"\n\t\t\tdata-dir=\"ltr\">\n                \n            <\/div>\n\t\t\t\t<\/div>\n\t\t\t<\/div>Orgullosos de servir a Goshen y ser parte de su d\u00eda a d\u00eda.Somos un restaurante local que busca compartir sabores aut\u00e9nticos, recetas tradicionales y una experiencia sencilla pero [&hellip;]<\/p>","protected":false},"author":1,"featured_media":0,"parent":0,"menu_order":0,"comment_status":"closed","ping_status":"closed","template":"","meta":{"_et_pb_use_builder":"on","_et_pb_old_content":"<!-- wp:divi\/placeholder \/-->","_et_gb_content_width":"","footnotes":""},"class_list":["post-120","page","type-page","status-publish","hentry"],"_hostinger_reach_plugin_has_subscription_block":false,"_hostinger_reach_plugin_is_elementor":false,"_links":{"self":[{"href":"https:\/\/elpatrongoshen.com\/en\/wp-json\/wp\/v2\/pages\/120","targetHints":{"allow":["GET"]}}],"collection":[{"href":"https:\/\/elpatrongoshen.com\/en\/wp-json\/wp\/v2\/pages"}],"about":[{"href":"https:\/\/elpatrongoshen.com\/en\/wp-json\/wp\/v2\/types\/page"}],"author":[{"embeddable":true,"href":"https:\/\/elpatrongoshen.com\/en\/wp-json\/wp\/v2\/users\/1"}],"replies":[{"embeddable":true,"href":"https:\/\/elpatrongoshen.com\/en\/wp-json\/wp\/v2\/comments?post=120"}],"version-history":[{"count":7,"href":"https:\/\/elpatrongoshen.com\/en\/wp-json\/wp\/v2\/pages\/120\/revisions"}],"predecessor-version":[{"id":220,"href":"https:\/\/elpatrongoshen.com\/en\/wp-json\/wp\/v2\/pages\/120\/revisions\/220"}],"wp:attachment":[{"href":"https:\/\/elpatrongoshen.com\/en\/wp-json\/wp\/v2\/media?parent=120"}],"curies":[{"name":"wp","href":"https:\/\/api.w.org\/{rel}","templated":true}]}}